{"id":5098,"date":"2012-09-17T09:47:57","date_gmt":"2012-09-17T08:47:57","guid":{"rendered":"http:\/\/www.atelier-geyer.de\/bergith\/?page_id=5098"},"modified":"2017-08-28T06:24:10","modified_gmt":"2017-08-28T05:24:10","slug":"veroffentlichungen","status":"publish","type":"page","link":"https:\/\/www.atelier-geyer.de\/bergith\/veroffentlichungen\/","title":{"rendered":"Ver\u00f6ffentlichungen"},"content":{"rendered":"<div style=\"width: 1034px\" class=\"wp-caption alignnone\"><a href=\"http:\/\/www.atelier-geyer.de\/bergith\/files\/2013\/04\/P-K-R-0006.jpg\"><img loading=\"lazy\" decoding=\"async\" class=\" wp-image-6451\" src=\"http:\/\/www.atelier-geyer.de\/bergith\/files\/2013\/04\/P-K-R-0006.jpg\" alt=\"P - K-R -0006\" width=\"1024\" height=\"681\" srcset=\"https:\/\/www.atelier-geyer.de\/bergith\/files\/2013\/04\/P-K-R-0006.jpg 1024w, https:\/\/www.atelier-geyer.de\/bergith\/files\/2013\/04\/P-K-R-0006-300x199.jpg 300w, https:\/\/www.atelier-geyer.de\/bergith\/files\/2013\/04\/P-K-R-0006-451x300.jpg 451w\" sizes=\"(max-width: 1024px) 100vw, 1024px\" \/><\/a><p class=\"wp-caption-text\">&#8222;Kunst aus Recycling&#8220; &#8211; das Thema f\u00fcr 15 Projekttage an der Karl Sittler Grundschule in Poing f\u00fcr die Kinder der Ganztagsschule der ersten und zweiten Klasse. Thema war Oster &#8211; und Muttertagskarten aus recyclebaren Materialien zu gestalten. Die Kids waren hochkonzentriert und motiviert, die Ergebnisse sensationell kreativ und mir hat es viel Spass gemacht.<\/p><\/div>\n<p><a href=\"http:\/\/www.atelier-geyer.de\/bergith\/files\/2013\/04\/P-K-R-0009.jpg\"><img loading=\"lazy\" decoding=\"async\" class=\"alignnone size-full wp-image-6452\" src=\"http:\/\/www.atelier-geyer.de\/bergith\/files\/2013\/04\/P-K-R-0009.jpg\" alt=\"P - K-R -0009\" width=\"1024\" height=\"683\" srcset=\"https:\/\/www.atelier-geyer.de\/bergith\/files\/2013\/04\/P-K-R-0009.jpg 1024w, https:\/\/www.atelier-geyer.de\/bergith\/files\/2013\/04\/P-K-R-0009-300x200.jpg 300w, https:\/\/www.atelier-geyer.de\/bergith\/files\/2013\/04\/P-K-R-0009-449x300.jpg 449w\" sizes=\"(max-width: 1024px) 100vw, 1024px\" \/><\/a><br \/>\n<a href=\"http:\/\/www.atelier-geyer.de\/bergith\/files\/2012\/09\/P-K-R-GRUPPE-TAG-1-0004.jpg\"><img loading=\"lazy\" decoding=\"async\" class=\"alignnone size-full wp-image-6463\" src=\"http:\/\/www.atelier-geyer.de\/bergith\/files\/2012\/09\/P-K-R-GRUPPE-TAG-1-0004.jpg\" alt=\"P - K-R -GRUPPE TAG 1 - 0004\" width=\"1024\" height=\"683\" srcset=\"https:\/\/www.atelier-geyer.de\/bergith\/files\/2012\/09\/P-K-R-GRUPPE-TAG-1-0004.jpg 1024w, https:\/\/www.atelier-geyer.de\/bergith\/files\/2012\/09\/P-K-R-GRUPPE-TAG-1-0004-300x200.jpg 300w, https:\/\/www.atelier-geyer.de\/bergith\/files\/2012\/09\/P-K-R-GRUPPE-TAG-1-0004-449x300.jpg 449w\" sizes=\"(max-width: 1024px) 100vw, 1024px\" \/><\/a><\/p>\n<p><img loading=\"lazy\" decoding=\"async\" class=\"alignnone size-full wp-image-5964\" src=\"http:\/\/www.atelier-geyer.de\/bergith\/files\/2013\/01\/Landzauber1.jpg\" alt=\"Landzauber\" width=\"701\" height=\"932\" srcset=\"https:\/\/www.atelier-geyer.de\/bergith\/files\/2013\/01\/Landzauber1.jpg 701w, https:\/\/www.atelier-geyer.de\/bergith\/files\/2013\/01\/Landzauber1-225x300.jpg 225w\" sizes=\"(max-width: 701px) 100vw, 701px\" \/><\/p>\n<div id=\"attachment_5847\" style=\"width: 1034px\" class=\"wp-caption alignnone\"><a href=\"http:\/\/www.atelier-geyer.de\/bergith\/files\/2012\/09\/Engel1.jpg\"><img loading=\"lazy\" decoding=\"async\" aria-describedby=\"caption-attachment-5847\" class=\" wp-image-5847\" title=\"Engel\" src=\"http:\/\/www.atelier-geyer.de\/bergith\/files\/2012\/09\/Engel1.jpg\" alt=\"\" width=\"1024\" height=\"726\" srcset=\"https:\/\/www.atelier-geyer.de\/bergith\/files\/2012\/09\/Engel1.jpg 1024w, https:\/\/www.atelier-geyer.de\/bergith\/files\/2012\/09\/Engel1-300x212.jpg 300w, https:\/\/www.atelier-geyer.de\/bergith\/files\/2012\/09\/Engel1-423x300.jpg 423w\" sizes=\"(max-width: 1024px) 100vw, 1024px\" \/><\/a><p id=\"caption-attachment-5847\" class=\"wp-caption-text\">Meine liebe Freundin Tatjana hat f\u00fcr &nbsp;ihren wundersch\u00f6nen Laden &#8222;Stilecht&#8220; in Erding, im Heilig-Geist-Hof 3, bei mir ihre Winterdekoration f\u00fcr die Schaufenster gekauft und gemeinsam haben wir diese gestaltet. Zu ihrer \u00fcberaus anspruchsvollen Mode setzt diese Dekoration nur Akzente, unterstreicht den exklusiven Stil der pr\u00e4sentierten &nbsp;Kleidung ohne sich in den Vordergrund zu dr\u00e4ngen. Daraus ergibt sich ein harmonisches stilvolles Schaufenster &#8211; STILECHT &nbsp;&#8211; Schauen Sie rein bei www.stilecht-erding.de und bestaunen sie die Mode von Tatjana Armbruster.<\/p><\/div>\n<div id=\"attachment_5851\" style=\"width: 1034px\" class=\"wp-caption alignnone\"><a href=\"http:\/\/www.atelier-geyer.de\/bergith\/files\/2012\/09\/Event.jpg\"><img loading=\"lazy\" decoding=\"async\" aria-describedby=\"caption-attachment-5851\" class=\" wp-image-5851\" title=\"Event\" src=\"http:\/\/www.atelier-geyer.de\/bergith\/files\/2012\/09\/Event.jpg\" alt=\"\" width=\"1024\" height=\"1024\" srcset=\"https:\/\/www.atelier-geyer.de\/bergith\/files\/2012\/09\/Event.jpg 1024w, https:\/\/www.atelier-geyer.de\/bergith\/files\/2012\/09\/Event-150x150.jpg 150w, https:\/\/www.atelier-geyer.de\/bergith\/files\/2012\/09\/Event-300x300.jpg 300w\" sizes=\"(max-width: 1024px) 100vw, 1024px\" \/><\/a><p id=\"caption-attachment-5851\" class=\"wp-caption-text\">Der 1. vorweihnachtliche Event zu Gast bei meinem lieben Freund Michael Sauer, einem namhaften M\u00fcnchner K\u00fcnstler in seinem Atelier. Er hat mir dieses zur Verf\u00fcgung gestellt, um meinen Event in seinem zauberhaften Ambiente ausrichten zu k\u00f6nnen. Unter anderem auch deshalb war dieser Verkaufsevent ein wirklich riesiger Erfolg. Vom 8. bis 11. November haben mich Freunde und Bekannte besucht und sich bereits f\u00fcr Weihnachten mit meinen Unikaten als Geschenke f\u00fcr sich und ihre Lieben &#8222;eingedeckt&#8220;. An alle, sowohl f\u00fcr ihren Besuch als auch f\u00fcr ihren Einkauf, nochmals ein ganz herzliches Dankesch\u00f6n.<\/p><\/div>\n<p><a href=\"http:\/\/www.atelier-geyer.de\/bergith\/files\/2012\/09\/Erding-1.jpg\"><img loading=\"lazy\" decoding=\"async\" class=\" wp-image-5101\" title=\"Erding-1\" src=\"http:\/\/www.atelier-geyer.de\/bergith\/files\/2012\/09\/Erding-1.jpg\" alt=\"\" width=\"900\" height=\"600\" srcset=\"https:\/\/www.atelier-geyer.de\/bergith\/files\/2012\/09\/Erding-1.jpg 900w, https:\/\/www.atelier-geyer.de\/bergith\/files\/2012\/09\/Erding-1-300x200.jpg 300w, https:\/\/www.atelier-geyer.de\/bergith\/files\/2012\/09\/Erding-1-450x300.jpg 450w\" sizes=\"(max-width: 900px) 100vw, 900px\" \/><\/a><\/p>\n","protected":false},"excerpt":{"rendered":"","protected":false},"author":2,"featured_media":8399,"parent":0,"menu_order":100,"comment_status":"closed","ping_status":"closed","template":"","meta":{"ngg_post_thumbnail":0,"footnotes":""},"class_list":["post-5098","page","type-page","status-publish","has-post-thumbnail","hentry"],"_links":{"self":[{"href":"https:\/\/www.atelier-geyer.de\/bergith\/wp-json\/wp\/v2\/pages\/5098"}],"collection":[{"href":"https:\/\/www.atelier-geyer.de\/bergith\/wp-json\/wp\/v2\/pages"}],"about":[{"href":"https:\/\/www.atelier-geyer.de\/bergith\/wp-json\/wp\/v2\/types\/page"}],"author":[{"embeddable":true,"href":"https:\/\/www.atelier-geyer.de\/bergith\/wp-json\/wp\/v2\/users\/2"}],"replies":[{"embeddable":true,"href":"https:\/\/www.atelier-geyer.de\/bergith\/wp-json\/wp\/v2\/comments?post=5098"}],"version-history":[{"count":53,"href":"https:\/\/www.atelier-geyer.de\/bergith\/wp-json\/wp\/v2\/pages\/5098\/revisions"}],"predecessor-version":[{"id":8457,"href":"https:\/\/www.atelier-geyer.de\/bergith\/wp-json\/wp\/v2\/pages\/5098\/revisions\/8457"}],"wp:featuredmedia":[{"embeddable":true,"href":"https:\/\/www.atelier-geyer.de\/bergith\/wp-json\/wp\/v2\/media\/8399"}],"wp:attachment":[{"href":"https:\/\/www.atelier-geyer.de\/bergith\/wp-json\/wp\/v2\/media?parent=5098"}],"curies":[{"name":"wp","href":"https:\/\/api.w.org\/{rel}","templated":true}]}}