{"id":118,"date":"2017-08-15T15:42:35","date_gmt":"2017-08-15T14:42:35","guid":{"rendered":"http:\/\/www.atelier-geyer.de\/bergith\/?page_id=118"},"modified":"2017-10-09T12:15:44","modified_gmt":"2017-10-09T11:15:44","slug":"home","status":"publish","type":"page","link":"https:\/\/www.atelier-geyer.de\/bergith\/","title":{"rendered":"Kreative Kinder-Kurse"},"content":{"rendered":"<h2><strong>Was ist das Besondere an einem &#8222;Kreativen Kinder &#8211; Kurs ?<\/strong><\/h2>\n<p><strong>Kinder und Emotionen, Kinder zeigen st\u00e4ndig unverpackt ihre Gef\u00fchle. Diese Emotionen sind der Grundstock f\u00fcr Kreativit\u00e4t.<\/strong><\/p>\n<h6>Wir wollen an k\u00fcnstlerischen Zielen arbeiten und uns in fr\u00f6hlich, entspannter Atmosph\u00e4re befl\u00fcgeln lassen.<\/h6>\n<h6>Wir werden gemeinsam experimentieren und entwickeln, Techniken ausprobieren und auf individuelle Bed\u00fcrfnisse eingehen.&nbsp;<\/h6>\n<h6>Ziel ist innerhalb k\u00fcrzester Zeit dem eigenen sch\u00f6pferischen Ideenreichtum freien Lauf zu lassen.<\/h6>\n<ul>\n<li>F\u00fcr die Malerei: bereits ein kleines Basiswissen \u00fcber das Mischen von Farben, die M\u00f6glichkeiten der Farbkompositionen oder der Farbgewichtungen, sowie das Erkennen von Farbkontrasten f\u00fchrt beim Malen zu gelungenen und spannungsreichen Bildwerken, die wir Schritt f\u00fcr Schritt erobern werden.<\/li>\n<li>\u2026\u2026aber noch Vieles mehr\u2026\u2026. &nbsp; &nbsp;<\/li>\n<li>Das Spiel mit Farben und Formen &#8211; vom kreativen Chaos zum perfekten Ergebnis<\/li>\n<li>kreuz und quer, drunter und dr\u00fcber<\/li>\n<li>die eigene kreative Sprache finden, sehen lernen<\/li>\n<li>Achtsamkeit schenkt Sch\u00f6pferkraft bei den Streifz\u00fcgen durch das Gestalten<\/li>\n<li>Lebendig ist wichtiger als richtig.<\/li>\n<li>Offen f\u00fcr neue Wege, Neugier, Spontanit\u00e4t, Fantasie, Leichtigkeit, Spass haben, sich trauen<\/li>\n<li>Freiraum schaffen, &#8211;&nbsp; sich \u00fcberraschen lassen<\/li>\n<li>Faszinierende Materialvielfalt mit allen Tips und Tricks f\u00fchren zu reizvollen Ergebnissen<\/li>\n<li>Ob aus Fundst\u00fccken der Natur oder recycelbaren Plastikflaschen, T\u00fcten etc. lassen sich zauberhafte \u201eKunstwerke\u201c kreieren.<\/li>\n<\/ul>\n<p><strong>Das alles m\u00f6chte ich mit grossem Engagement den Kindern spielerisch vermitteln.<\/strong><\/p>\n<p><strong><span style=\"color: #ff0000;\">KURSPROGRAMME:<\/span><\/strong><\/p>\n<p><strong>KKKP &#8211; 1 &#8211;&nbsp;MALEN<\/strong><\/p>\n<ul>\n<li>&#8222;FARBRAUSCH&#8220; &#8211; Experimentieren mit Farben auf unterschiedlichen Malgr\u00fcnden&nbsp;<\/li>\n<li>FARBKOMPOSITIONEN UND FORMGEBUNG DURCH FARBE<\/li>\n<li>COLLAGEN<\/li>\n<li>3 &#8211; DIMENSIONALE KASTENBILDER<\/li>\n<\/ul>\n<p><strong>KKKP &#8211; 2 &#8211; LEPORELLO <\/strong><\/p>\n<ul>\n<li>IMMER W\u00c4HRENDER KALENDER<\/li>\n<\/ul>\n<p><strong>KKKP &#8211; 3 &#8211; PAPIERGESTALTUNG<\/strong><\/p>\n<ul>\n<li>SCHALEN AUS STROHSEIDE<\/li>\n<li>SCHACHTELN<\/li>\n<li>GL\u00dcCKWUNSCHKARTEN, EINLADUNGEN<\/li>\n<li>GESCHENKVERPACKUNGEN<\/li>\n<li>SCHULT\u00dcTEN<\/li>\n<li>WINDR\u00c4DER<\/li>\n<li>FALTTECHNIKEN ORIENTALISCHE H\u00c4NGEORNAMENTE<\/li>\n<li>FALTTECHNIKEN TIERE (Z.B. IGEL, KATZE) BLUMEN<\/li>\n<li>SCHMUCK: KETTEN \/ ARMB\u00c4NDER<\/li>\n<li>PAPIERSKULPTUREN<\/li>\n<\/ul>\n<p><strong>KKKP &#8211; 4 &#8211; &#8222;KUNST&#8220;AUS RECYCELBAREM<\/strong><\/p>\n<ul>\n<li>EIERKARTON: KR\u00c4NZE, BL\u00dcTEN, TANNENB\u00c4UME, HERZEN&#8230;..<\/li>\n<li>PAPPMACHE AUS ALTPAPIER: K\u00c4FER, KATZE, &nbsp;EULE, HUND&#8230;..<\/li>\n<li>PLASTIKFLASCHEN: z.B. HUND<\/li>\n<li>LERRE HOLZSPULEN: z.B. ZWERGE<\/li>\n<\/ul>\n<p><strong>KKKP &#8211; 5 &#8211; &#8222;KUNST&#8220; FUNDST\u00dcCKE AUS DER NATUR<\/strong><\/p>\n<ul>\n<li>EICHELM\u00c4NNCHEN<\/li>\n<li>BL\u00c4TTERTIERE<\/li>\n<li>STEINE BEMALT: FISCHE, K\u00c4FER, SMILY<\/li>\n<li>ENGEL AUS SCHWEMMHOLZ<\/li>\n<\/ul>\n<p><strong>KKKP &#8211; 6 &#8211; ZU SPEZIELLEN ANL\u00c4SSEN<\/strong><\/p>\n<ul>\n<li>OSTERN, WEIHNACHTEN, MUTTERTAG, GEBURTSTAGE<\/li>\n<\/ul>\n<p><strong>KKKP &#8211; 7 &#8211; KINDERGEBURTSTAG<\/strong><\/p>\n<ul>\n<li>DAS GEBURTSTAGSKIND KANN SICH EINEN KREATIVEN KURS AUSSUCHEN<\/li>\n<li><span style=\"color: #ff0000;\">FOTOBEISPIELE ZU DEN EINZELNEN KURSANGEBOTEN FINDEN SIE UNTER &#8222;AUSWAHL-KURS-FOTOS&#8220;<\/span><\/li>\n<\/ul>\n","protected":false},"excerpt":{"rendered":"<p>Was ist das Besondere an einem &#8222;Kreativen Kinder &#8211; Kurs ? Kinder und Emotionen, Kinder zeigen st\u00e4ndig unverpackt ihre Gef\u00fchle. Diese Emotionen sind der Grundstock f\u00fcr Kreativit\u00e4t. Wir wollen an k\u00fcnstlerischen Zielen arbeiten und uns in fr\u00f6hlich, entspannter Atmosph\u00e4re befl\u00fcgeln &hellip; <a href=\"https:\/\/www.atelier-geyer.de\/bergith\/\">Weiterlesen <span class=\"meta-nav\">&rarr;<\/span><\/a><\/p>\n","protected":false},"author":3,"featured_media":0,"parent":0,"menu_order":0,"comment_status":"closed","ping_status":"closed","template":"sidebar-page.php","meta":{"ngg_post_thumbnail":0,"footnotes":""},"class_list":["post-118","page","type-page","status-publish","hentry"],"_links":{"self":[{"href":"https:\/\/www.atelier-geyer.de\/bergith\/wp-json\/wp\/v2\/pages\/118"}],"collection":[{"href":"https:\/\/www.atelier-geyer.de\/bergith\/wp-json\/wp\/v2\/pages"}],"about":[{"href":"https:\/\/www.atelier-geyer.de\/bergith\/wp-json\/wp\/v2\/types\/page"}],"author":[{"embeddable":true,"href":"https:\/\/www.atelier-geyer.de\/bergith\/wp-json\/wp\/v2\/users\/3"}],"replies":[{"embeddable":true,"href":"https:\/\/www.atelier-geyer.de\/bergith\/wp-json\/wp\/v2\/comments?post=118"}],"version-history":[{"count":59,"href":"https:\/\/www.atelier-geyer.de\/bergith\/wp-json\/wp\/v2\/pages\/118\/revisions"}],"predecessor-version":[{"id":8474,"href":"https:\/\/www.atelier-geyer.de\/bergith\/wp-json\/wp\/v2\/pages\/118\/revisions\/8474"}],"wp:attachment":[{"href":"https:\/\/www.atelier-geyer.de\/bergith\/wp-json\/wp\/v2\/media?parent=118"}],"curies":[{"name":"wp","href":"https:\/\/api.w.org\/{rel}","templated":true}]}}